{"id":40,"date":"2025-02-25T15:39:28","date_gmt":"2025-02-25T13:39:28","guid":{"rendered":"https:\/\/permondes.de\/wordpress\/?page_id=40"},"modified":"2025-04-10T10:20:13","modified_gmt":"2025-04-10T08:20:13","slug":"ueber-uns","status":"publish","type":"page","link":"https:\/\/permondes.de\/wordpress\/ueber-uns\/","title":{"rendered":"\u00dcber uns"},"content":{"rendered":"\n<p>Wir basteln eigentlich nur f\u00fcr uns. Es ist also weder Massen- noch Serienfertigung, sondern Spa\u00dffertigung. Aber manches Mal \u00fcbersteigt der Spa\u00df am Basteln den eigentlichen Bedarf. <\/p>\n\n\n\n<p>Deswegen findet man einige unserer Arbeiten auch bei<\/p>\n\n\n\n<ul class=\"wp-block-list\">\n<li><a href=\"https:\/\/www.ebay.de\/usr\/nuschoedi\" target=\"_blank\" rel=\"noreferrer noopener\">eBay<\/a><\/li>\n\n\n\n<li><a href=\"https:\/\/www.kleinanzeigen.de\/s-bestandsliste.html?userId=135928211\" target=\"_blank\" rel=\"noreferrer noopener\">Kleinanzeigen<\/a><\/li>\n<\/ul>\n\n\n\n<p>Die entsprechenden Artikel finden sich auch unter der Katergorie<\/p>\n\n\n<nav class=\"items-justified-left no-wrap wp-block-navigation is-content-justification-left is-nowrap is-layout-flex wp-container-core-navigation-is-layout-58be2ae7 wp-block-navigation-is-layout-flex\" aria-label=\"Shop\"><ul class=\"wp-block-navigation__container items-justified-left no-wrap wp-block-navigation\"><li style=\"font-style:normal;font-weight:600;text-decoration:underline;\" class=\" wp-block-navigation-item wp-block-navigation-link\"><a class=\"wp-block-navigation-item__content\"  href=\"https:\/\/permondes.de\/wordpress\/category\/shop\/\"><span class=\"wp-block-navigation-item__label\">Shop<\/span><span class=\"wp-block-navigation-item__description\">Alles, was man kaufen kann<\/span><\/a><\/li><\/ul><\/nav>\n\n\n<div class=\"wp-block-group is-nowrap is-layout-flex wp-container-core-group-is-layout-6c531013 wp-block-group-is-layout-flex\">\n<p>Folgen Sie uns auch auf <\/p>\n\n\n\n<ul class=\"wp-block-social-links has-visible-labels is-style-default is-horizontal is-nowrap is-layout-flex wp-container-core-social-links-is-layout-c222b36a wp-block-social-links-is-layout-flex\" style=\"margin-left:0;padding-top:var(--wp--preset--spacing--50);padding-right:0;padding-bottom:0;padding-left:var(--wp--preset--spacing--20)\"><li class=\"wp-social-link wp-social-link-pinterest  wp-block-social-link\"><a rel=\"noopener nofollow\" target=\"_blank\" href=\"https:\/\/pinterest.com\/nuschoedi\" class=\"wp-block-social-link-anchor\"><svg width=\"24\" height=\"24\" viewBox=\"0 0 24 24\" version=\"1.1\" xmlns=\"http:\/\/www.w3.org\/2000\/svg\" aria-hidden=\"true\" focusable=\"false\"><path d=\"M12.289,2C6.617,2,3.606,5.648,3.606,9.622c0,1.846,1.025,4.146,2.666,4.878c0.25,0.111,0.381,0.063,0.439-0.169 c0.044-0.175,0.267-1.029,0.365-1.428c0.032-0.128,0.017-0.237-0.091-0.362C6.445,11.911,6.01,10.75,6.01,9.668 c0-2.777,2.194-5.464,5.933-5.464c3.23,0,5.49,2.108,5.49,5.122c0,3.407-1.794,5.768-4.13,5.768c-1.291,0-2.257-1.021-1.948-2.277 c0.372-1.495,1.089-3.112,1.089-4.191c0-0.967-0.542-1.775-1.663-1.775c-1.319,0-2.379,1.309-2.379,3.059 c0,1.115,0.394,1.869,0.394,1.869s-1.302,5.279-1.54,6.261c-0.405,1.666,0.053,4.368,0.094,4.604 c0.021,0.126,0.167,0.169,0.25,0.063c0.129-0.165,1.699-2.419,2.142-4.051c0.158-0.59,0.817-2.995,0.817-2.995 c0.43,0.784,1.681,1.446,3.013,1.446c3.963,0,6.822-3.494,6.822-7.833C20.394,5.112,16.849,2,12.289,2\"><\/path><\/svg><span class=\"wp-block-social-link-label\">Pinterest<\/span><\/a><\/li><\/ul>\n<\/div>\n","protected":false},"excerpt":{"rendered":"<p>Wir basteln eigentlich nur f\u00fcr uns. Es ist also weder Massen- noch Serienfertigung, sondern Spa\u00dffertigung. Aber manches Mal \u00fcbersteigt der Spa\u00df am Basteln den eigentlichen Bedarf. Deswegen findet man einige unserer Arbeiten auch bei Die entsprechenden Artikel finden sich auch<\/p>\n","protected":false},"author":1,"featured_media":0,"parent":0,"menu_order":0,"comment_status":"closed","ping_status":"closed","template":"","meta":{"footnotes":""},"class_list":["post-40","page","type-page","status-publish","hentry"],"_links":{"self":[{"href":"https:\/\/permondes.de\/wordpress\/wp-json\/wp\/v2\/pages\/40","targetHints":{"allow":["GET"]}}],"collection":[{"href":"https:\/\/permondes.de\/wordpress\/wp-json\/wp\/v2\/pages"}],"about":[{"href":"https:\/\/permondes.de\/wordpress\/wp-json\/wp\/v2\/types\/page"}],"author":[{"embeddable":true,"href":"https:\/\/permondes.de\/wordpress\/wp-json\/wp\/v2\/users\/1"}],"replies":[{"embeddable":true,"href":"https:\/\/permondes.de\/wordpress\/wp-json\/wp\/v2\/comments?post=40"}],"version-history":[{"count":21,"href":"https:\/\/permondes.de\/wordpress\/wp-json\/wp\/v2\/pages\/40\/revisions"}],"predecessor-version":[{"id":826,"href":"https:\/\/permondes.de\/wordpress\/wp-json\/wp\/v2\/pages\/40\/revisions\/826"}],"wp:attachment":[{"href":"https:\/\/permondes.de\/wordpress\/wp-json\/wp\/v2\/media?parent=40"}],"curies":[{"name":"wp","href":"https:\/\/api.w.org\/{rel}","templated":true}]}}